{"id":59,"date":"2018-05-13T13:55:28","date_gmt":"2018-05-13T13:55:28","guid":{"rendered":"https:\/\/nina-spiel.de\/praxis\/?page_id=59"},"modified":"2024-07-01T17:59:36","modified_gmt":"2024-07-01T17:59:36","slug":"ueber-mich","status":"publish","type":"page","link":"https:\/\/nina-spiel.de\/praxis\/?page_id=59","title":{"rendered":"\u00dcber mich"},"content":{"rendered":"\n<figure class=\"wp-block-image size-large is-resized\"><img loading=\"lazy\" src=\"https:\/\/nina-spiel.de\/praxis\/wp-content\/uploads\/2021\/08\/Nina_SchlossJohannisberg-1024x1024.jpg\" alt=\"\" class=\"wp-image-576\" width=\"334\" height=\"335\" srcset=\"https:\/\/nina-spiel.de\/praxis\/wp-content\/uploads\/2021\/08\/Nina_SchlossJohannisberg-1024x1024.jpg 1024w, https:\/\/nina-spiel.de\/praxis\/wp-content\/uploads\/2021\/08\/Nina_SchlossJohannisberg-300x300.jpg 300w, https:\/\/nina-spiel.de\/praxis\/wp-content\/uploads\/2021\/08\/Nina_SchlossJohannisberg-150x150.jpg 150w, https:\/\/nina-spiel.de\/praxis\/wp-content\/uploads\/2021\/08\/Nina_SchlossJohannisberg-768x768.jpg 768w, https:\/\/nina-spiel.de\/praxis\/wp-content\/uploads\/2021\/08\/Nina_SchlossJohannisberg-100x100.jpg 100w, https:\/\/nina-spiel.de\/praxis\/wp-content\/uploads\/2021\/08\/Nina_SchlossJohannisberg.jpg 1241w\" sizes=\"(max-width: 334px) 100vw, 334px\" \/><figcaption>Nina Spiel<\/figcaption><\/figure>\n\n\n\n<p>&#8222;Sei Du selbst die Ver\u00e4nderung, die Du Dir w\u00fcnschst f\u00fcr diese Welt.&#8220; Mahatma Gandhi<\/p>\n\n\n\n<h2><strong>Selbstst\u00e4ndig in eigener Praxis als Heilpraktikerin (Psychotherapie) und Mental-Coach<\/strong>.<\/h2>\n\n\n\n<p>Jeder Mensch ist einzigart. Das wissen wir. Und dennoch ist es f\u00fcr viele Menschen schwer, sich nicht zu vergleichen. Sich nicht durch Gedanken wie &#8222;aber ich m\u00fcsste doch&#8230;&#8220; oder&#8220;ich schaffe es einfach nicht&#8230;&#8220; selbst so zu sabotieren, dass er sich nicht die M\u00f6glichkeit einr\u00e4umt, in seinem Tempo durch sein Leben zu gehen. So sind wir oft getrieben ohne zu wissen von wem und warum \u00fcberhaupt. Was hier hilfreich sein kann, ist das Innehalten. Das hinschauen. Und das tun wir in der Pers\u00f6nlichkeitsarbeit. <\/p>\n\n\n\n<p>Was gibt es gerade zu akzeptieren? Was sind die Unver\u00e4nderbarkeiten in meinem Leben? Und wie kann ich mit Ihnen Frieden schlie\u00dfen? Und welche Dinge kann ich ver\u00e4ndern? Welche will ich ver\u00e4ndern? Und warum gehe ich sie nicht an? Was blockiert mich? <\/p>\n\n\n\n<p>Es braucht manchmal die Ver\u00e4nderung der Perspektive. Und das ist leichter gesagt als getan. Denn wir tanzen jeden Tag unseren Tanz. Er ist uns vertraut und wir f\u00fcgen die Schritte nahezu automatisch aneinander, obwohl sie uns nicht mehr gefallen. Oder nicht mehr gut tun. Doch ist Ver\u00e4nderung wirklich m\u00f6glich?<\/p>\n\n\n\n<p>Im Vordergrund stehen SIE. Ihre Geschichte. Ihre Themen. Ihre Individualit\u00e4t. Was ich in den mehr als 10 Jahren meiner Arbeit mit Menschen in 1:1 Situationen erfahren habe, ist genau das: Jede Geschichte ist es wert, erz\u00e4hlt und gesp\u00fcrt zu werden. Die Anerkennung unserer bisherigen Lebensleistung zu sp\u00fcren. Wir k\u00f6nnen nichts einfach &#8222;weg machen&#8220; oder von uns &#8222;abschneiden&#8220;. So gerne wir das auch manchmal tun w\u00fcrden. Erst die Akzeptanz und das Annehmen erm\u00f6glicht uns, einen Schritt in Richtung Zukunft in einer anderen Art und Weise als zuvor zu gehen. <\/p>\n\n\n\n<p>Das ist die Basis f\u00fcr jegliche Art von pers\u00f6nlicher Weiterentwicklung:<\/p>\n\n\n\n<p> Hinsehen &#8211; Hinsp\u00fcren &#8211; Annehmen &#8211; Frieden schlie\u00dfen &#8211; Neue Wege gehen<\/p>\n\n\n\n<p>Was brauchen Sie? Was ist Ihr Bed\u00fcrfnis? Was ist Ihr Bedarf? Wo stehen Sie zur Zeit und wo m\u00f6chten Sie hin?  <\/p>\n\n\n\n<p>Meine innere Haltung Ihnen als Klient gegen\u00fcber ist gepr\u00e4gt von Wertsch\u00e4tzung, einf\u00fchlendem Verstehen, Offenheit und der positiven Grundannahme, dass alles gut werden kann.<\/p>\n\n\n\n<p><strong>Sie haben Lust auf Ver\u00e4nderung?<\/strong><\/p>\n\n\n\n<p><strong>Aber&#8230;<\/strong><\/p>\n\n\n\n<p>Sie f\u00fchlen sich festgefahren? <\/p>\n\n\n\n<p>Sehen keinen wirklichen Weg des Gelingens? <\/p>\n\n\n\n<p>F\u00fchlen sich kraft- und mutlos?<\/p>\n\n\n\n<p>W\u00fcnschen sich eine Begleitung in Ihrer Umbruchsituation?<\/p>\n\n\n\n<p>Wenn Sie f\u00fcr sich sp\u00fcren, dass es an der Zeit ist, dann seien Sie mutig und schreiben mir. Sie haben genug gelitten. <strong>Es ist an der Zeit die Dinge zu bewegen!<\/strong><\/p>\n\n\n\n<p>Ich freue mich auf Sie.<\/p>\n\n\n\n<p>Bis dahin, herzlichst<\/p>\n\n\n\n<p><em> Nina Spiel<\/em><\/p>\n","protected":false},"excerpt":{"rendered":"<p>&#8222;Sei Du selbst die Ver\u00e4nderung, die Du Dir w\u00fcnschst f\u00fcr diese Welt.&#8220; Mahatma Gandhi Selbstst\u00e4ndig in eigener Praxis als Heilpraktikerin (Psychotherapie) und Mental-Coach. Jeder Mensch ist einzigart. Das wissen wir. Und dennoch ist es f\u00fcr viele Menschen schwer, sich nicht zu vergleichen. Sich nicht durch Gedanken wie &#8222;aber ich m\u00fcsste doch&#8230;&#8220; oder&#8220;ich schaffe es einfach &hellip; <\/p>\n<p class=\"link-more\"><a href=\"https:\/\/nina-spiel.de\/praxis\/?page_id=59\" class=\"more-link\"><span class=\"screen-reader-text\">\u201e\u00dcber mich\u201c<\/span> weiterlesen<\/a><\/p>\n","protected":false},"author":3,"featured_media":0,"parent":2,"menu_order":0,"comment_status":"closed","ping_status":"closed","template":"","meta":[],"_links":{"self":[{"href":"https:\/\/nina-spiel.de\/praxis\/index.php?rest_route=\/wp\/v2\/pages\/59"}],"collection":[{"href":"https:\/\/nina-spiel.de\/praxis\/index.php?rest_route=\/wp\/v2\/pages"}],"about":[{"href":"https:\/\/nina-spiel.de\/praxis\/index.php?rest_route=\/wp\/v2\/types\/page"}],"author":[{"embeddable":true,"href":"https:\/\/nina-spiel.de\/praxis\/index.php?rest_route=\/wp\/v2\/users\/3"}],"replies":[{"embeddable":true,"href":"https:\/\/nina-spiel.de\/praxis\/index.php?rest_route=%2Fwp%2Fv2%2Fcomments&post=59"}],"version-history":[{"count":32,"href":"https:\/\/nina-spiel.de\/praxis\/index.php?rest_route=\/wp\/v2\/pages\/59\/revisions"}],"predecessor-version":[{"id":625,"href":"https:\/\/nina-spiel.de\/praxis\/index.php?rest_route=\/wp\/v2\/pages\/59\/revisions\/625"}],"up":[{"embeddable":true,"href":"https:\/\/nina-spiel.de\/praxis\/index.php?rest_route=\/wp\/v2\/pages\/2"}],"wp:attachment":[{"href":"https:\/\/nina-spiel.de\/praxis\/index.php?rest_route=%2Fwp%2Fv2%2Fmedia&parent=59"}],"curies":[{"name":"wp","href":"https:\/\/api.w.org\/{rel}","templated":true}]}}