{"id":55,"date":"2018-05-13T13:54:15","date_gmt":"2018-05-13T13:54:15","guid":{"rendered":"https:\/\/nina-spiel.de\/praxis\/?page_id=55"},"modified":"2023-03-23T13:23:21","modified_gmt":"2023-03-23T13:23:21","slug":"konditionen","status":"publish","type":"page","link":"https:\/\/nina-spiel.de\/praxis\/?page_id=55","title":{"rendered":"Konditionen"},"content":{"rendered":"<div class=\"container right\">\n<h2><img loading=\"lazy\" class=\"wp-image-378 size-medium alignleft\" src=\"https:\/\/nina-spiel.de\/praxis\/wp-content\/uploads\/2019\/06\/berg_-200x300.jpg\" alt=\"\" width=\"200\" height=\"300\" srcset=\"https:\/\/nina-spiel.de\/praxis\/wp-content\/uploads\/2019\/06\/berg_-200x300.jpg 200w, https:\/\/nina-spiel.de\/praxis\/wp-content\/uploads\/2019\/06\/berg_-768x1152.jpg 768w, https:\/\/nina-spiel.de\/praxis\/wp-content\/uploads\/2019\/06\/berg_-682x1024.jpg 682w, https:\/\/nina-spiel.de\/praxis\/wp-content\/uploads\/2019\/06\/berg_.jpg 853w\" sizes=\"(max-width: 200px) 100vw, 200px\" \/><br>Als Klienten sind Sie, aus guten Gr\u00fcnden, Selbstzahler.<\/h2>\n<div class=\"textItem\">\n<p>Sie entscheiden, wieviel Zeit Sie in sich investieren. <\/p>\n<hr><\/div>\n<\/div>\n\n\n<h2>Ihre Vorteile als Selbstzahler:<\/h2>\n\n\n\n<ul><li>Sie erhalten zeitnah Ihren Ersttermin<\/li><li>Sie w\u00e4hlen ihre individuelle Zeiteinheiten der Termine<\/li><li>Am vereinbarten Termin gibt es keine l\u00e4stigen Wartezeiten <\/li><li>Sie erhalten sinnvoll aufeinander abgestimmte Folgetermine<\/li><li>Besonders interessant f\u00fcr Sie zu wissen: <\/li><li>Es gibt f\u00fcr Sie als Selbstzahler keinen Vermerk \u00fcber eine psychotherapeutische Behandlung in Ihrer Krankenkassen-Akte!<\/li><\/ul>\n\n\n\n<p><\/p>\n\n\n\n<p>In meiner Praxis f\u00fcr Selbstzahler richtet sich das Honorar nach der in Anspruch genommenen Zeit. Erfragen Sie die aktuellen Konditionen gerne per e-Mail oder telefonisch. <\/p>\n\n\n\n<p>Die therapeutischen Leistungen von Heilpraktikern f\u00fcr Psychotherapie sind nach \u00a74 Nr.14 Buchst.a UStG. umsatzsteuerbefreit.<\/p>\n\n\n\n<p>Falls es Ihnen nicht m\u00f6glich ist, einen vereinbarten Termin wahrzunehmen, so teilen Sie mir dies bitte sp\u00e4testens 48 Stunden vor dem geplanten Termin mit. Andernfalls wird die Sitzung in Rechnung gestellt.<\/p>\n\n\n\n<p>Wichtiges zum Thema einer m\u00f6glichen Kostenerstattung:<\/p>\n\n\n\n<p>Sollten Sie privat krankenversichert sein, so kann die anteilige Kostenerstattung \u00fcber Ihre Versicherung dann m\u00f6glich sein, wenn die Behandlung durch den Heilpraktiker (Psychotherapie) im Leistungspaket Ihrer Versicherung enthalten ist oder dazugebucht wurde. Bitte fragen Sie bei Ihrer Versicherung nach, ob die Kosten \u00fcbernommen werden. Erkundigen Sie sich bitte vorab \u00fcber die Modalit\u00e4ten. Gegebenenfalls werden hier nicht die vollen Kosten \u00fcbernommen.<\/p>\n\n\n\n<p>Die Konditionen f\u00fcr ein Businesscoaching erfragen Sie bitte per e-Mail oder telefonisch. <\/p>\n","protected":false},"excerpt":{"rendered":"<p>Als Klienten sind Sie, aus guten Gr\u00fcnden, Selbstzahler. Sie entscheiden, wieviel Zeit Sie in sich investieren. Ihre Vorteile als Selbstzahler: Sie erhalten zeitnah Ihren Ersttermin Sie w\u00e4hlen ihre individuelle Zeiteinheiten der Termine Am vereinbarten Termin gibt es keine l\u00e4stigen Wartezeiten Sie erhalten sinnvoll aufeinander abgestimmte Folgetermine Besonders interessant f\u00fcr Sie zu wissen: Es gibt f\u00fcr &hellip; <\/p>\n<p class=\"link-more\"><a href=\"https:\/\/nina-spiel.de\/praxis\/?page_id=55\" class=\"more-link\"><span class=\"screen-reader-text\">\u201eKonditionen\u201c<\/span> weiterlesen<\/a><\/p>\n","protected":false},"author":3,"featured_media":0,"parent":2,"menu_order":0,"comment_status":"closed","ping_status":"closed","template":"","meta":[],"_links":{"self":[{"href":"https:\/\/nina-spiel.de\/praxis\/index.php?rest_route=\/wp\/v2\/pages\/55"}],"collection":[{"href":"https:\/\/nina-spiel.de\/praxis\/index.php?rest_route=\/wp\/v2\/pages"}],"about":[{"href":"https:\/\/nina-spiel.de\/praxis\/index.php?rest_route=\/wp\/v2\/types\/page"}],"author":[{"embeddable":true,"href":"https:\/\/nina-spiel.de\/praxis\/index.php?rest_route=\/wp\/v2\/users\/3"}],"replies":[{"embeddable":true,"href":"https:\/\/nina-spiel.de\/praxis\/index.php?rest_route=%2Fwp%2Fv2%2Fcomments&post=55"}],"version-history":[{"count":16,"href":"https:\/\/nina-spiel.de\/praxis\/index.php?rest_route=\/wp\/v2\/pages\/55\/revisions"}],"predecessor-version":[{"id":588,"href":"https:\/\/nina-spiel.de\/praxis\/index.php?rest_route=\/wp\/v2\/pages\/55\/revisions\/588"}],"up":[{"embeddable":true,"href":"https:\/\/nina-spiel.de\/praxis\/index.php?rest_route=\/wp\/v2\/pages\/2"}],"wp:attachment":[{"href":"https:\/\/nina-spiel.de\/praxis\/index.php?rest_route=%2Fwp%2Fv2%2Fmedia&parent=55"}],"curies":[{"name":"wp","href":"https:\/\/api.w.org\/{rel}","templated":true}]}}